{"id":2481,"date":"2015-06-02T18:32:54","date_gmt":"2015-06-02T22:32:54","guid":{"rendered":"http:\/\/irrigationeautech.com\/?page_id=2481"},"modified":"2015-06-02T18:35:16","modified_gmt":"2015-06-02T22:35:16","slug":"enlevement-de-la-neige","status":"publish","type":"page","link":"https:\/\/irrigationeautech.com\/fr\/enlevement-de-la-neige\/","title":{"rendered":"Enl\u00e8vement de la neige"},"content":{"rendered":"<p>Nous n\u2019hibernons pas pendant les mois d\u2019hiver; nous nous occupons de l\u2019enl\u00e8vement de la neige! R\u00e9sidentiel, commercial ou industriel : nous sommes outill\u00e9s pour faire tout genre de travail. Pour maximiser notre efficacit\u00e9 et \u00eatre \u00e9conomique, nous ne desservons que le centre-ville de Montr\u00e9al et les environs imm\u00e9diats. Nous ne reculons pas devant le pelletage des entr\u00e9es, des balcons ou des toits. Nous sommes tr\u00e8s responsables et demeurons au-devant de chaque flocon de neige. Nous n\u2019avons jamais perdu un client \u00e0 cause d\u2019un mauvais service.<\/p>\n<p>Il n\u2019y a rien de moins agr\u00e9able que l\u2019enl\u00e8vement de la neige. Il n\u2019y a pas deux chutes de neige pareilles comme il n\u2019y a pas deux hivers pareils. Le synchronisme, les \u00e9quipements et les effectifs jouent tous un r\u00f4le cl\u00e9. Demeurer \u00e0 jour avec les pr\u00e9visions m\u00e9t\u00e9orologiques, regarder par la fen\u00eatre et configurer le plan d\u2019attaque est une t\u00e2che de toute heure alors que nous essayons de servir chaque client en m\u00eame temps.<\/p>\n<p>Pour un service sup\u00e9rieur d&rsquo;enl\u00e8vement de la neige, appelez Irrigation Eautech. Il nous fera plaisir de vous servir.<\/p>\n","protected":false},"excerpt":{"rendered":"<p>Nous n\u2019hibernons pas pendant les mois d\u2019hiver; nous nous occupons de l\u2019enl\u00e8vement de la neige! R\u00e9sidentiel, commercial ou industriel : nous sommes outill\u00e9s pour faire tout genre de travail. Pour maximiser notre efficacit\u00e9 et \u00eatre \u00e9conomique, nous ne desservons que le centre-ville de Montr\u00e9al et les environs imm\u00e9diats. Nous ne reculons pas devant le pelletage<\/p>\n","protected":false},"author":1,"featured_media":0,"parent":0,"menu_order":0,"comment_status":"closed","ping_status":"open","template":"","meta":{"footnotes":""},"class_list":["post-2481","page","type-page","status-publish","hentry"],"_links":{"self":[{"href":"https:\/\/irrigationeautech.com\/fr\/wp-json\/wp\/v2\/pages\/2481","targetHints":{"allow":["GET"]}}],"collection":[{"href":"https:\/\/irrigationeautech.com\/fr\/wp-json\/wp\/v2\/pages"}],"about":[{"href":"https:\/\/irrigationeautech.com\/fr\/wp-json\/wp\/v2\/types\/page"}],"author":[{"embeddable":true,"href":"https:\/\/irrigationeautech.com\/fr\/wp-json\/wp\/v2\/users\/1"}],"replies":[{"embeddable":true,"href":"https:\/\/irrigationeautech.com\/fr\/wp-json\/wp\/v2\/comments?post=2481"}],"version-history":[{"count":1,"href":"https:\/\/irrigationeautech.com\/fr\/wp-json\/wp\/v2\/pages\/2481\/revisions"}],"predecessor-version":[{"id":2482,"href":"https:\/\/irrigationeautech.com\/fr\/wp-json\/wp\/v2\/pages\/2481\/revisions\/2482"}],"wp:attachment":[{"href":"https:\/\/irrigationeautech.com\/fr\/wp-json\/wp\/v2\/media?parent=2481"}],"curies":[{"name":"wp","href":"https:\/\/api.w.org\/{rel}","templated":true}]}}