{"id":2474,"date":"2015-06-02T17:55:10","date_gmt":"2015-06-02T21:55:10","guid":{"rendered":"http:\/\/irrigationeautech.com\/?page_id=2474"},"modified":"2015-06-02T18:22:19","modified_gmt":"2015-06-02T22:22:19","slug":"services-de-jardinage","status":"publish","type":"page","link":"https:\/\/irrigationeautech.com\/fr\/services-de-jardinage\/","title":{"rendered":"Services de jardinage"},"content":{"rendered":"<p>Le jardinage est notre vraie passion. C\u2019est pour cela que nous croyons que nous sommes tellement mieux que la concurrence en irrigation et en \u00e9clairage. Nous adorons les jardins, de la sensation du sol \u00e0 la beaut\u00e9 d\u2019un grand arbre. Nous pouvons fournir de l\u2019entretien de jardin de haute qualit\u00e9 pour les amoureux de jardins faisant preuve de discernement.<\/p>\n<p>Nous voulons \u00e9galement aimer votre jardin.<br \/>\nLorsqu\u2019il a re\u00e7u l\u2019attention et les soins convenables, rien n\u2019est plus beau qu\u2019un jardin bien entretenu.<br \/>\nConif\u00e8res ou feuillus, annuelles ou vivaces, arbustes ou rosiers : nous pouvons tous nous en occuper, qu\u2019ils aient besoin d&rsquo;engrais ou de paillis, d\u2019\u00eatre transplant\u00e9s ou d\u2019\u00eatre s\u00e9par\u00e9s, form\u00e9s ou taill\u00e9s, vous pouvez compter sur nous pour le faire correctement. La moiti\u00e9 de notre \u00e9quipe ne travaillera que sur des jardins; l\u2019autre moiti\u00e9 n\u2019en a pas le droit!<\/p>\n<p>Rafra\u00eechir le jardin une fois, faire des visites hebdomadaires ou mensuelles ou r\u00e9aliser une nouvelle installation de jardin : il nous fera plaisir de vous servir.<\/p>\n","protected":false},"excerpt":{"rendered":"<p>Le jardinage est notre vraie passion. C\u2019est pour cela que nous croyons que nous sommes tellement mieux que la concurrence en irrigation et en \u00e9clairage. Nous adorons les jardins, de la sensation du sol \u00e0 la beaut\u00e9 d\u2019un grand arbre. Nous pouvons fournir de l\u2019entretien de jardin de haute qualit\u00e9 pour les amoureux de jardins<\/p>\n","protected":false},"author":1,"featured_media":0,"parent":0,"menu_order":0,"comment_status":"closed","ping_status":"open","template":"","meta":{"footnotes":""},"class_list":["post-2474","page","type-page","status-publish","hentry"],"_links":{"self":[{"href":"https:\/\/irrigationeautech.com\/fr\/wp-json\/wp\/v2\/pages\/2474","targetHints":{"allow":["GET"]}}],"collection":[{"href":"https:\/\/irrigationeautech.com\/fr\/wp-json\/wp\/v2\/pages"}],"about":[{"href":"https:\/\/irrigationeautech.com\/fr\/wp-json\/wp\/v2\/types\/page"}],"author":[{"embeddable":true,"href":"https:\/\/irrigationeautech.com\/fr\/wp-json\/wp\/v2\/users\/1"}],"replies":[{"embeddable":true,"href":"https:\/\/irrigationeautech.com\/fr\/wp-json\/wp\/v2\/comments?post=2474"}],"version-history":[{"count":1,"href":"https:\/\/irrigationeautech.com\/fr\/wp-json\/wp\/v2\/pages\/2474\/revisions"}],"predecessor-version":[{"id":2475,"href":"https:\/\/irrigationeautech.com\/fr\/wp-json\/wp\/v2\/pages\/2474\/revisions\/2475"}],"wp:attachment":[{"href":"https:\/\/irrigationeautech.com\/fr\/wp-json\/wp\/v2\/media?parent=2474"}],"curies":[{"name":"wp","href":"https:\/\/api.w.org\/{rel}","templated":true}]}}