{"id":2472,"date":"2015-06-02T17:52:07","date_gmt":"2015-06-02T21:52:07","guid":{"rendered":"http:\/\/irrigationeautech.com\/?page_id=2472"},"modified":"2015-06-02T18:17:13","modified_gmt":"2015-06-02T22:17:13","slug":"eclairage-exterieur","status":"publish","type":"page","link":"https:\/\/irrigationeautech.com\/fr\/eclairage-exterieur\/","title":{"rendered":"\u00c9clairage ext\u00e9rieur"},"content":{"rendered":"<p>L\u2019\u00e9clairage paysagiste a \u00e9norm\u00e9ment progress\u00e9 ces derni\u00e8res ann\u00e9es avec la technologie DEL. Les syst\u00e8mes sont maintenant beaucoup plus \u00e9nerg\u00e9tiquement efficaces. Vous n\u2019avez pas besoin de vous sentir mal \u00e0 l\u2019aise \u00e0 l\u2019id\u00e9e d\u2019allumer l\u2019\u00e9clairage et d\u2019appr\u00e9cier votre jardin en soir\u00e9e.<\/p>\n<p>Votre \u00e9clairage sera con\u00e7u pour \u00eatre s\u00e9curitaire et esth\u00e9tiquement agr\u00e9able en m\u00eame temps. Nous travaillerons de pr\u00e8s avec vous pour r\u00e9aliser l\u2019\u00e9clairage parfait que vous d\u00e9sirez. Chez Irrigation Eautech, nous pouvons faire le montage temporaire de l\u2019\u00e9clairage, pour vous permettre de l\u2019ajuster selon ce qu\u2019il vous semble le mieux, avant que l\u2019installation permanente soit faite. Nos clients adorent \u00e7a.<\/p>\n<p>R\u00e9parations, modifications, prolongements, \u00e9valuations ou installations neuves : il nous fera plaisir de vous servir.<\/p>\n","protected":false},"excerpt":{"rendered":"<p>L\u2019\u00e9clairage paysagiste a \u00e9norm\u00e9ment progress\u00e9 ces derni\u00e8res ann\u00e9es avec la technologie DEL. Les syst\u00e8mes sont maintenant beaucoup plus \u00e9nerg\u00e9tiquement efficaces. Vous n\u2019avez pas besoin de vous sentir mal \u00e0 l\u2019aise \u00e0 l\u2019id\u00e9e d\u2019allumer l\u2019\u00e9clairage et d\u2019appr\u00e9cier votre jardin en soir\u00e9e. Votre \u00e9clairage sera con\u00e7u pour \u00eatre s\u00e9curitaire et esth\u00e9tiquement agr\u00e9able en m\u00eame temps. Nous travaillerons<\/p>\n","protected":false},"author":1,"featured_media":0,"parent":0,"menu_order":0,"comment_status":"closed","ping_status":"open","template":"","meta":{"footnotes":""},"class_list":["post-2472","page","type-page","status-publish","hentry"],"_links":{"self":[{"href":"https:\/\/irrigationeautech.com\/fr\/wp-json\/wp\/v2\/pages\/2472","targetHints":{"allow":["GET"]}}],"collection":[{"href":"https:\/\/irrigationeautech.com\/fr\/wp-json\/wp\/v2\/pages"}],"about":[{"href":"https:\/\/irrigationeautech.com\/fr\/wp-json\/wp\/v2\/types\/page"}],"author":[{"embeddable":true,"href":"https:\/\/irrigationeautech.com\/fr\/wp-json\/wp\/v2\/users\/1"}],"replies":[{"embeddable":true,"href":"https:\/\/irrigationeautech.com\/fr\/wp-json\/wp\/v2\/comments?post=2472"}],"version-history":[{"count":1,"href":"https:\/\/irrigationeautech.com\/fr\/wp-json\/wp\/v2\/pages\/2472\/revisions"}],"predecessor-version":[{"id":2473,"href":"https:\/\/irrigationeautech.com\/fr\/wp-json\/wp\/v2\/pages\/2472\/revisions\/2473"}],"wp:attachment":[{"href":"https:\/\/irrigationeautech.com\/fr\/wp-json\/wp\/v2\/media?parent=2472"}],"curies":[{"name":"wp","href":"https:\/\/api.w.org\/{rel}","templated":true}]}}