{"id":2467,"date":"2013-02-02T12:25:15","date_gmt":"2013-02-02T12:25:15","guid":{"rendered":"http:\/\/irrigationeautech.com\/about-us-2\/"},"modified":"2015-06-02T18:05:07","modified_gmt":"2015-06-02T22:05:07","slug":"a-propos","status":"publish","type":"page","link":"https:\/\/irrigationeautech.com\/fr\/a-propos\/","title":{"rendered":"\u00c0 Propos"},"content":{"rendered":"<h2 class=\"subtitle page-subtitle\"> Bienvenue \u00e0 IRRIGATION EAUTECH , <\/h2>\n<p><img loading=\"lazy\" decoding=\"async\" class=\"size-full wp-image-2011 alignleft\" src=\"http:\/\/irrigationeautech.com\/wp-content\/uploads\/2013\/02\/aboutus.jpg\" alt=\"aboutus\" width=\"200\" height=\"134\" \/><\/p>\n<p>Nous sommes la combinaison parfaite : Mike Nizzola, un ma\u00eetre jardinier, et Mario Paiz, un technicien expert en irrigation, avec plus de 50 ann\u00e9es d\u2019exp\u00e9rience combin\u00e9e.<\/p>\n<p>Mike est un jardinier de troisi\u00e8me g\u00e9n\u00e9ration; Mario a plus de 15 ann\u00e9es d\u2019exp\u00e9rience avec une importante compagnie d\u2019irrigation.<\/p>\n<p>L\u2019expertise de Mike en jardinage mena ses clients \u00e0 demander qu\u2019il applique le m\u00eame excellent service pour leurs besoins d\u2019irrigation. Leur confiance dans Mike s\u2019est transf\u00e9r\u00e9e sur son choix pr\u00e9f\u00e9r\u00e9 comme partenaire, Mario Paiz, pour qu\u2019ensemble, ils puissent fournir des services d\u2019irrigation de qualit\u00e9 sup\u00e9rieure. Mario Paiz s\u2019est montr\u00e9 le partenaire parfait : un fort travaillant, hautement comp\u00e9tent et inform\u00e9; il a su apporter l\u2019expertise additionnelle requise.<\/p>\n<p>Pour faire face \u00e0 la demande croissante d\u2019\u00e9clairage ext\u00e9rieur, ils embauch\u00e8rent un \u00e9lectricien accr\u00e9dit\u00e9 en 2013 pour maintenir leurs hautes normes d\u2019excellence. Il poss\u00e8de plusieurs ann\u00e9es d\u2019exp\u00e9rience en \u00e9clairage ext\u00e9rieur.<br \/>\nMike et Mario partagent les m\u00eames valeurs et la m\u00eame mission. Ils mettent la main \u00e0 la p\u00e2te; l\u2019un d\u2019eux est pr\u00e9sent avec leur personnel du d\u00e9but \u00e0 la fin sur chaque site de travail, s\u2019assurant que tout est fait correctement.<br \/>\nIls croient que leur int\u00e9grit\u00e9, leur honn\u00eatet\u00e9 et leur travail soutenu les aident \u00e0 livrer un service exceptionnel et un client extr\u00eamement satisfait.<\/p>\n","protected":false},"excerpt":{"rendered":"<p>Nous sommes la combinaison parfaite : Mike Nizzola, un ma\u00eetre jardinier, et Mario Paiz, un technicien expert en irrigation, avec plus de 50 ann\u00e9es d\u2019exp\u00e9rience combin\u00e9e. Mike est un jardinier de troisi\u00e8me g\u00e9n\u00e9ration; Mario a plus de 15 ann\u00e9es d\u2019exp\u00e9rience avec une importante compagnie d\u2019irrigation. L\u2019expertise de Mike en jardinage mena ses clients \u00e0 demander<\/p>\n","protected":false},"author":1,"featured_media":0,"parent":0,"menu_order":0,"comment_status":"closed","ping_status":"open","template":"","meta":{"footnotes":""},"class_list":["post-2467","page","type-page","status-publish","hentry"],"_links":{"self":[{"href":"https:\/\/irrigationeautech.com\/fr\/wp-json\/wp\/v2\/pages\/2467","targetHints":{"allow":["GET"]}}],"collection":[{"href":"https:\/\/irrigationeautech.com\/fr\/wp-json\/wp\/v2\/pages"}],"about":[{"href":"https:\/\/irrigationeautech.com\/fr\/wp-json\/wp\/v2\/types\/page"}],"author":[{"embeddable":true,"href":"https:\/\/irrigationeautech.com\/fr\/wp-json\/wp\/v2\/users\/1"}],"replies":[{"embeddable":true,"href":"https:\/\/irrigationeautech.com\/fr\/wp-json\/wp\/v2\/comments?post=2467"}],"version-history":[{"count":4,"href":"https:\/\/irrigationeautech.com\/fr\/wp-json\/wp\/v2\/pages\/2467\/revisions"}],"predecessor-version":[{"id":2476,"href":"https:\/\/irrigationeautech.com\/fr\/wp-json\/wp\/v2\/pages\/2467\/revisions\/2476"}],"wp:attachment":[{"href":"https:\/\/irrigationeautech.com\/fr\/wp-json\/wp\/v2\/media?parent=2467"}],"curies":[{"name":"wp","href":"https:\/\/api.w.org\/{rel}","templated":true}]}}