{"id":2479,"date":"2015-06-02T18:26:23","date_gmt":"2015-06-02T22:26:23","guid":{"rendered":"http:\/\/irrigationeautech.com\/?page_id=2479"},"modified":"2015-06-02T18:29:04","modified_gmt":"2015-06-02T22:29:04","slug":"systemes-dirrigation","status":"publish","type":"page","link":"http:\/\/irrigationeautech.com\/fr\/systemes-dirrigation\/","title":{"rendered":"Syst\u00e8mes d\u2019irrigation"},"content":{"rendered":"<p>Nous concevons, installons et entretenons tout type de syst\u00e8me d\u2019irrigation pour toute grandeur de propri\u00e9t\u00e9, qu\u2019il s\u2019agisse des pots de fleur sur votre balcon ou de large espaces verts entourant votre demeure ou entreprise. Nous travaillons avec certains des architectes, paysagistes, entrepreneurs g\u00e9n\u00e9raux et propri\u00e9taires les plus connus de la ville; nous avons gagn\u00e9 leur confiance et ils sont devenus de loyaux clients.<br \/>\nChez Irrigation Eautech, nous n\u2019utilisons que des produits de haute qualit\u00e9 et nous ne sommes pas engag\u00e9s qu\u2019avec une seule marque. Nous choisissons le meilleur syst\u00e8me pour vos besoins particuliers. Nous offrons une garantie d\u2019un an sur les pi\u00e8ces et la main-d\u2019\u0153uvre lors des r\u00e9parations et une garantie de quatre ans sur l\u2019installation.<br \/>\nNous ne vous demandons pas de signer des contrats de service pr\u00e9pay\u00e9s. Vous \u00eates factur\u00e9 apr\u00e8s que le travail soit bien fait.<\/p>\n<p>D\u00e9marrages printaniers, r\u00e9parations, modifications, prolongements, tests d\u2019\u00e9valuation, fermetures d\u2019automne ou nouvelles installations : il nous fera plaisir de vous servir.<\/p>\n","protected":false},"excerpt":{"rendered":"<p>Nous concevons, installons et entretenons tout type de syst\u00e8me d\u2019irrigation pour toute grandeur de propri\u00e9t\u00e9, qu\u2019il s\u2019agisse des pots de fleur sur votre balcon ou de large espaces verts entourant votre demeure ou entreprise. Nous travaillons avec certains des architectes, paysagistes, entrepreneurs g\u00e9n\u00e9raux et propri\u00e9taires les plus connus de la ville; nous avons gagn\u00e9 leur<\/p>\n","protected":false},"author":1,"featured_media":0,"parent":0,"menu_order":0,"comment_status":"closed","ping_status":"open","template":"","meta":{"footnotes":""},"class_list":["post-2479","page","type-page","status-publish","hentry"],"_links":{"self":[{"href":"http:\/\/irrigationeautech.com\/fr\/wp-json\/wp\/v2\/pages\/2479","targetHints":{"allow":["GET"]}}],"collection":[{"href":"http:\/\/irrigationeautech.com\/fr\/wp-json\/wp\/v2\/pages"}],"about":[{"href":"http:\/\/irrigationeautech.com\/fr\/wp-json\/wp\/v2\/types\/page"}],"author":[{"embeddable":true,"href":"http:\/\/irrigationeautech.com\/fr\/wp-json\/wp\/v2\/users\/1"}],"replies":[{"embeddable":true,"href":"http:\/\/irrigationeautech.com\/fr\/wp-json\/wp\/v2\/comments?post=2479"}],"version-history":[{"count":1,"href":"http:\/\/irrigationeautech.com\/fr\/wp-json\/wp\/v2\/pages\/2479\/revisions"}],"predecessor-version":[{"id":2480,"href":"http:\/\/irrigationeautech.com\/fr\/wp-json\/wp\/v2\/pages\/2479\/revisions\/2480"}],"wp:attachment":[{"href":"http:\/\/irrigationeautech.com\/fr\/wp-json\/wp\/v2\/media?parent=2479"}],"curies":[{"name":"wp","href":"https:\/\/api.w.org\/{rel}","templated":true}]}}